{"id":4119,"date":"2024-12-27T13:04:43","date_gmt":"2024-12-27T10:04:43","guid":{"rendered":"https:\/\/new-tech.com.tr\/?page_id=4119"},"modified":"2025-01-02T12:25:10","modified_gmt":"2025-01-02T09:25:10","slug":"referanslar","status":"publish","type":"page","link":"https:\/\/new-tech.com.tr\/en\/hakkimizda\/referanslar\/","title":{"rendered":"References"},"content":{"rendered":"<div class=\"wpb-content-wrapper\"><div class=\"vc_row wpb_row vc_row-fluid\"><div class=\"wpb_column vc_column_container vc_col-sm-3\"><div class=\"vc_column-inner\"><div class=\"wpb_wrapper\">\n\t<div  class=\"wpb_single_image wpb_content_element vc_align_center\">\n\t\t\n\t\t<figure class=\"wpb_wrapper vc_figure\">\n\t\t\t<div class=\"vc_single_image-wrapper   vc_box_border_grey\"><img decoding=\"async\" width=\"600\" height=\"400\" src=\"https:\/\/new-tech.com.tr\/wp-content\/uploads\/2025\/01\/sarar-referanslar.jpg\" class=\"vc_single_image-img attachment-full\" alt=\"\" title=\"sarar-references\" srcset=\"https:\/\/new-tech.com.tr\/wp-content\/uploads\/2025\/01\/sarar-referanslar.jpg 600w, https:\/\/new-tech.com.tr\/wp-content\/uploads\/2025\/01\/sarar-referanslar-300x200.jpg 300w\" sizes=\"(max-width: 600px) 100vw, 600px\"  data-dt-location=\"https:\/\/new-tech.com.tr\/en\/hakkimizda\/referanslar\/sarar-referanslar\/\" \/><\/div>\n\t\t<\/figure>\n\t<\/div>\n<\/div><\/div><\/div><div class=\"wpb_column vc_column_container vc_col-sm-3\"><div class=\"vc_column-inner\"><div class=\"wpb_wrapper\">\n\t<div  class=\"wpb_single_image wpb_content_element vc_align_center\">\n\t\t\n\t\t<figure class=\"wpb_wrapper vc_figure\">\n\t\t\t<div class=\"vc_single_image-wrapper   vc_box_border_grey\"><img decoding=\"async\" width=\"600\" height=\"400\" src=\"https:\/\/new-tech.com.tr\/wp-content\/uploads\/2025\/01\/kigli-referanslar.jpg\" class=\"vc_single_image-img attachment-full\" alt=\"\" title=\"cigli-references\" srcset=\"https:\/\/new-tech.com.tr\/wp-content\/uploads\/2025\/01\/kigli-referanslar.jpg 600w, https:\/\/new-tech.com.tr\/wp-content\/uploads\/2025\/01\/kigli-referanslar-300x200.jpg 300w\" sizes=\"(max-width: 600px) 100vw, 600px\"  data-dt-location=\"https:\/\/new-tech.com.tr\/en\/hakkimizda\/referanslar\/kigli-referanslar\/\" \/><\/div>\n\t\t<\/figure>\n\t<\/div>\n<\/div><\/div><\/div><div class=\"wpb_column vc_column_container vc_col-sm-3\"><div class=\"vc_column-inner\"><div class=\"wpb_wrapper\">\n\t<div  class=\"wpb_single_image wpb_content_element vc_align_center\">\n\t\t\n\t\t<figure class=\"wpb_wrapper vc_figure\">\n\t\t\t<div class=\"vc_single_image-wrapper   vc_box_border_grey\"><img decoding=\"async\" width=\"600\" height=\"400\" src=\"https:\/\/new-tech.com.tr\/wp-content\/uploads\/2025\/01\/colins-referanslar.jpg\" class=\"vc_single_image-img attachment-full\" alt=\"\" title=\"colins-references\" srcset=\"https:\/\/new-tech.com.tr\/wp-content\/uploads\/2025\/01\/colins-referanslar.jpg 600w, https:\/\/new-tech.com.tr\/wp-content\/uploads\/2025\/01\/colins-referanslar-300x200.jpg 300w\" sizes=\"(max-width: 600px) 100vw, 600px\"  data-dt-location=\"https:\/\/new-tech.com.tr\/en\/hakkimizda\/referanslar\/colins-referanslar\/\" \/><\/div>\n\t\t<\/figure>\n\t<\/div>\n<\/div><\/div><\/div><div class=\"wpb_column vc_column_container vc_col-sm-3\"><div class=\"vc_column-inner\"><div class=\"wpb_wrapper\">\n\t<div  class=\"wpb_single_image wpb_content_element vc_align_center\">\n\t\t\n\t\t<figure class=\"wpb_wrapper vc_figure\">\n\t\t\t<div class=\"vc_single_image-wrapper   vc_box_border_grey\"><img decoding=\"async\" width=\"600\" height=\"400\" src=\"https:\/\/new-tech.com.tr\/wp-content\/uploads\/2025\/01\/altinyildiz-referanslar.jpg\" class=\"vc_single_image-img attachment-full\" alt=\"\" title=\"Alt\u0131ny\u0131ld\u0131z-references\" srcset=\"https:\/\/new-tech.com.tr\/wp-content\/uploads\/2025\/01\/altinyildiz-referanslar.jpg 600w, https:\/\/new-tech.com.tr\/wp-content\/uploads\/2025\/01\/altinyildiz-referanslar-300x200.jpg 300w\" sizes=\"(max-width: 600px) 100vw, 600px\"  data-dt-location=\"https:\/\/new-tech.com.tr\/en\/hakkimizda\/referanslar\/altinyildiz-referanslar\/\" \/><\/div>\n\t\t<\/figure>\n\t<\/div>\n<\/div><\/div><\/div><\/div><div class=\"vc_row wpb_row vc_row-fluid\"><div class=\"wpb_column vc_column_container vc_col-sm-3\"><div class=\"vc_column-inner\"><div class=\"wpb_wrapper\">\n\t<div  class=\"wpb_single_image wpb_content_element vc_align_center\">\n\t\t\n\t\t<figure class=\"wpb_wrapper vc_figure\">\n\t\t\t<div class=\"vc_single_image-wrapper   vc_box_border_grey\"><img decoding=\"async\" width=\"600\" height=\"400\" src=\"https:\/\/new-tech.com.tr\/wp-content\/uploads\/2025\/01\/zara-referanslar.jpg\" class=\"vc_single_image-img attachment-full\" alt=\"\" title=\"zara-references\" srcset=\"https:\/\/new-tech.com.tr\/wp-content\/uploads\/2025\/01\/zara-referanslar.jpg 600w, https:\/\/new-tech.com.tr\/wp-content\/uploads\/2025\/01\/zara-referanslar-300x200.jpg 300w\" sizes=\"(max-width: 600px) 100vw, 600px\"  data-dt-location=\"https:\/\/new-tech.com.tr\/en\/hakkimizda\/referanslar\/zara-referanslar\/\" \/><\/div>\n\t\t<\/figure>\n\t<\/div>\n<\/div><\/div><\/div><div class=\"wpb_column vc_column_container vc_col-sm-3\"><div class=\"vc_column-inner\"><div class=\"wpb_wrapper\">\n\t<div  class=\"wpb_single_image wpb_content_element vc_align_center\">\n\t\t\n\t\t<figure class=\"wpb_wrapper vc_figure\">\n\t\t\t<div class=\"vc_single_image-wrapper   vc_box_border_grey\"><img decoding=\"async\" width=\"600\" height=\"400\" src=\"https:\/\/new-tech.com.tr\/wp-content\/uploads\/2025\/01\/lc-waikiki-referanslar.jpg\" class=\"vc_single_image-img attachment-full\" alt=\"\" title=\"lc-waikiki-references\" srcset=\"https:\/\/new-tech.com.tr\/wp-content\/uploads\/2025\/01\/lc-waikiki-referanslar.jpg 600w, https:\/\/new-tech.com.tr\/wp-content\/uploads\/2025\/01\/lc-waikiki-referanslar-300x200.jpg 300w\" sizes=\"(max-width: 600px) 100vw, 600px\"  data-dt-location=\"https:\/\/new-tech.com.tr\/en\/hakkimizda\/referanslar\/lc-waikiki-referanslar\/\" \/><\/div>\n\t\t<\/figure>\n\t<\/div>\n<\/div><\/div><\/div><div class=\"wpb_column vc_column_container vc_col-sm-3\"><div class=\"vc_column-inner\"><div class=\"wpb_wrapper\">\n\t<div  class=\"wpb_single_image wpb_content_element vc_align_center\">\n\t\t\n\t\t<figure class=\"wpb_wrapper vc_figure\">\n\t\t\t<div class=\"vc_single_image-wrapper   vc_box_border_grey\"><img decoding=\"async\" width=\"600\" height=\"400\" src=\"https:\/\/new-tech.com.tr\/wp-content\/uploads\/2025\/01\/koton-referanslar.jpg\" class=\"vc_single_image-img attachment-full\" alt=\"\" title=\"coton-references\" srcset=\"https:\/\/new-tech.com.tr\/wp-content\/uploads\/2025\/01\/koton-referanslar.jpg 600w, https:\/\/new-tech.com.tr\/wp-content\/uploads\/2025\/01\/koton-referanslar-300x200.jpg 300w\" sizes=\"(max-width: 600px) 100vw, 600px\"  data-dt-location=\"https:\/\/new-tech.com.tr\/en\/hakkimizda\/referanslar\/koton-referanslar\/\" \/><\/div>\n\t\t<\/figure>\n\t<\/div>\n<\/div><\/div><\/div><div class=\"wpb_column vc_column_container vc_col-sm-3\"><div class=\"vc_column-inner\"><div class=\"wpb_wrapper\">\n\t<div  class=\"wpb_single_image wpb_content_element vc_align_center\">\n\t\t\n\t\t<figure class=\"wpb_wrapper vc_figure\">\n\t\t\t<div class=\"vc_single_image-wrapper   vc_box_border_grey\"><img decoding=\"async\" width=\"600\" height=\"400\" src=\"https:\/\/new-tech.com.tr\/wp-content\/uploads\/2025\/01\/cross-referanslar.jpg\" class=\"vc_single_image-img attachment-full\" alt=\"\" title=\"cross-references\" srcset=\"https:\/\/new-tech.com.tr\/wp-content\/uploads\/2025\/01\/cross-referanslar.jpg 600w, https:\/\/new-tech.com.tr\/wp-content\/uploads\/2025\/01\/cross-referanslar-300x200.jpg 300w\" sizes=\"(max-width: 600px) 100vw, 600px\"  data-dt-location=\"https:\/\/new-tech.com.tr\/en\/hakkimizda\/referanslar\/cross-referanslar\/\" \/><\/div>\n\t\t<\/figure>\n\t<\/div>\n<\/div><\/div><\/div><\/div><div class=\"vc_row wpb_row vc_row-fluid\"><div class=\"wpb_column vc_column_container vc_col-sm-3\"><div class=\"vc_column-inner\"><div class=\"wpb_wrapper\">\n\t<div  class=\"wpb_single_image wpb_content_element vc_align_center\">\n\t\t\n\t\t<figure class=\"wpb_wrapper vc_figure\">\n\t\t\t<div class=\"vc_single_image-wrapper   vc_box_border_grey\"><img decoding=\"async\" width=\"600\" height=\"400\" src=\"https:\/\/new-tech.com.tr\/wp-content\/uploads\/2025\/01\/hugo-boss-referanslar.jpg\" class=\"vc_single_image-img attachment-full\" alt=\"\" title=\"hugo-boss-references\" srcset=\"https:\/\/new-tech.com.tr\/wp-content\/uploads\/2025\/01\/hugo-boss-referanslar.jpg 600w, https:\/\/new-tech.com.tr\/wp-content\/uploads\/2025\/01\/hugo-boss-referanslar-300x200.jpg 300w\" sizes=\"(max-width: 600px) 100vw, 600px\"  data-dt-location=\"https:\/\/new-tech.com.tr\/en\/hakkimizda\/referanslar\/hugo-boss-referanslar\/\" \/><\/div>\n\t\t<\/figure>\n\t<\/div>\n<\/div><\/div><\/div><div class=\"wpb_column vc_column_container vc_col-sm-3\"><div class=\"vc_column-inner\"><div class=\"wpb_wrapper\">\n\t<div  class=\"wpb_single_image wpb_content_element vc_align_center\">\n\t\t\n\t\t<figure class=\"wpb_wrapper vc_figure\">\n\t\t\t<div class=\"vc_single_image-wrapper   vc_box_border_grey\"><img decoding=\"async\" width=\"600\" height=\"400\" src=\"https:\/\/new-tech.com.tr\/wp-content\/uploads\/2025\/01\/lufian-referanslar.jpg\" class=\"vc_single_image-img attachment-full\" alt=\"\" title=\"lufian-references\" srcset=\"https:\/\/new-tech.com.tr\/wp-content\/uploads\/2025\/01\/lufian-referanslar.jpg 600w, https:\/\/new-tech.com.tr\/wp-content\/uploads\/2025\/01\/lufian-referanslar-300x200.jpg 300w\" sizes=\"(max-width: 600px) 100vw, 600px\"  data-dt-location=\"https:\/\/new-tech.com.tr\/en\/hakkimizda\/referanslar\/lufian-referanslar\/\" \/><\/div>\n\t\t<\/figure>\n\t<\/div>\n<\/div><\/div><\/div><div class=\"wpb_column vc_column_container vc_col-sm-3\"><div class=\"vc_column-inner\"><div class=\"wpb_wrapper\">\n\t<div  class=\"wpb_single_image wpb_content_element vc_align_center\">\n\t\t\n\t\t<figure class=\"wpb_wrapper vc_figure\">\n\t\t\t<div class=\"vc_single_image-wrapper   vc_box_border_grey\"><img decoding=\"async\" width=\"600\" height=\"400\" src=\"https:\/\/new-tech.com.tr\/wp-content\/uploads\/2025\/01\/defacto-referanslar.jpg\" class=\"vc_single_image-img attachment-full\" alt=\"\" title=\"defacto-references\" srcset=\"https:\/\/new-tech.com.tr\/wp-content\/uploads\/2025\/01\/defacto-referanslar.jpg 600w, https:\/\/new-tech.com.tr\/wp-content\/uploads\/2025\/01\/defacto-referanslar-300x200.jpg 300w\" sizes=\"(max-width: 600px) 100vw, 600px\"  data-dt-location=\"https:\/\/new-tech.com.tr\/en\/hakkimizda\/referanslar\/defacto-referanslar\/\" \/><\/div>\n\t\t<\/figure>\n\t<\/div>\n<\/div><\/div><\/div><div class=\"wpb_column vc_column_container vc_col-sm-3\"><div class=\"vc_column-inner\"><div class=\"wpb_wrapper\">\n\t<div  class=\"wpb_single_image wpb_content_element vc_align_center\">\n\t\t\n\t\t<figure class=\"wpb_wrapper vc_figure\">\n\t\t\t<div class=\"vc_single_image-wrapper   vc_box_border_grey\"><img decoding=\"async\" width=\"600\" height=\"400\" src=\"https:\/\/new-tech.com.tr\/wp-content\/uploads\/2025\/01\/lotus-referanslar.jpg\" class=\"vc_single_image-img attachment-full\" alt=\"\" title=\"lotus-references\" srcset=\"https:\/\/new-tech.com.tr\/wp-content\/uploads\/2025\/01\/lotus-referanslar.jpg 600w, https:\/\/new-tech.com.tr\/wp-content\/uploads\/2025\/01\/lotus-referanslar-300x200.jpg 300w\" sizes=\"(max-width: 600px) 100vw, 600px\"  data-dt-location=\"https:\/\/new-tech.com.tr\/en\/hakkimizda\/referanslar\/lotus-referanslar\/\" \/><\/div>\n\t\t<\/figure>\n\t<\/div>\n<\/div><\/div><\/div><\/div><div class=\"vc_row wpb_row vc_row-fluid\"><div class=\"wpb_column vc_column_container vc_col-sm-3\"><div class=\"vc_column-inner\"><div class=\"wpb_wrapper\">\n\t<div  class=\"wpb_single_image wpb_content_element vc_align_center\">\n\t\t\n\t\t<figure class=\"wpb_wrapper vc_figure\">\n\t\t\t<div class=\"vc_single_image-wrapper   vc_box_border_grey\"><img decoding=\"async\" width=\"600\" height=\"400\" src=\"https:\/\/new-tech.com.tr\/wp-content\/uploads\/2025\/01\/albayrak-referanslar.jpg\" class=\"vc_single_image-img attachment-full\" alt=\"\" title=\"albayrak-references\" srcset=\"https:\/\/new-tech.com.tr\/wp-content\/uploads\/2025\/01\/albayrak-referanslar.jpg 600w, https:\/\/new-tech.com.tr\/wp-content\/uploads\/2025\/01\/albayrak-referanslar-300x200.jpg 300w\" sizes=\"(max-width: 600px) 100vw, 600px\"  data-dt-location=\"https:\/\/new-tech.com.tr\/en\/hakkimizda\/referanslar\/albayrak-referanslar\/\" \/><\/div>\n\t\t<\/figure>\n\t<\/div>\n<\/div><\/div><\/div><div class=\"wpb_column vc_column_container vc_col-sm-3\"><div class=\"vc_column-inner\"><div class=\"wpb_wrapper\">\n\t<div  class=\"wpb_single_image wpb_content_element vc_align_center\">\n\t\t\n\t\t<figure class=\"wpb_wrapper vc_figure\">\n\t\t\t<div class=\"vc_single_image-wrapper   vc_box_border_grey\"><img decoding=\"async\" width=\"600\" height=\"400\" src=\"https:\/\/new-tech.com.tr\/wp-content\/uploads\/2025\/01\/is-mont-referanslar.jpg\" class=\"vc_single_image-img attachment-full\" alt=\"\" title=\"work-coat-references\" srcset=\"https:\/\/new-tech.com.tr\/wp-content\/uploads\/2025\/01\/is-mont-referanslar.jpg 600w, https:\/\/new-tech.com.tr\/wp-content\/uploads\/2025\/01\/is-mont-referanslar-300x200.jpg 300w\" sizes=\"(max-width: 600px) 100vw, 600px\"  data-dt-location=\"https:\/\/new-tech.com.tr\/en\/hakkimizda\/referanslar\/is-mont-referanslar\/\" \/><\/div>\n\t\t<\/figure>\n\t<\/div>\n<\/div><\/div><\/div><div class=\"wpb_column vc_column_container vc_col-sm-3\"><div class=\"vc_column-inner\"><div class=\"wpb_wrapper\">\n\t<div  class=\"wpb_single_image wpb_content_element vc_align_center\">\n\t\t\n\t\t<figure class=\"wpb_wrapper vc_figure\">\n\t\t\t<div class=\"vc_single_image-wrapper   vc_box_border_grey\"><img decoding=\"async\" width=\"600\" height=\"400\" src=\"https:\/\/new-tech.com.tr\/wp-content\/uploads\/2025\/01\/eroglu-referanslar.jpg\" class=\"vc_single_image-img attachment-full\" alt=\"\" title=\"ero\u011flu-references\" srcset=\"https:\/\/new-tech.com.tr\/wp-content\/uploads\/2025\/01\/eroglu-referanslar.jpg 600w, https:\/\/new-tech.com.tr\/wp-content\/uploads\/2025\/01\/eroglu-referanslar-300x200.jpg 300w\" sizes=\"(max-width: 600px) 100vw, 600px\"  data-dt-location=\"https:\/\/new-tech.com.tr\/en\/hakkimizda\/referanslar\/eroglu-referanslar\/\" \/><\/div>\n\t\t<\/figure>\n\t<\/div>\n<\/div><\/div><\/div><div class=\"wpb_column vc_column_container vc_col-sm-3\"><div class=\"vc_column-inner\"><div class=\"wpb_wrapper\"><\/div><\/div><\/div><\/div><div class=\"vc_row wpb_row vc_row-fluid\"><div class=\"wpb_column vc_column_container vc_col-sm-3\"><div class=\"vc_column-inner\"><div class=\"wpb_wrapper\">\n\t<div  class=\"wpb_single_image wpb_content_element vc_align_center\">\n\t\t\n\t\t<figure class=\"wpb_wrapper vc_figure\">\n\t\t\t<div class=\"vc_single_image-wrapper   vc_box_border_grey\"><img decoding=\"async\" width=\"600\" height=\"400\" src=\"https:\/\/new-tech.com.tr\/wp-content\/uploads\/2025\/01\/Artistic-Milliners-referanslar.jpg\" class=\"vc_single_image-img attachment-full\" alt=\"\" title=\"Artistic-Milliners-references\" srcset=\"https:\/\/new-tech.com.tr\/wp-content\/uploads\/2025\/01\/Artistic-Milliners-referanslar.jpg 600w, https:\/\/new-tech.com.tr\/wp-content\/uploads\/2025\/01\/Artistic-Milliners-referanslar-300x200.jpg 300w\" sizes=\"(max-width: 600px) 100vw, 600px\"  data-dt-location=\"https:\/\/new-tech.com.tr\/en\/hakkimizda\/referanslar\/artistic-milliners-referanslar\/\" \/><\/div>\n\t\t<\/figure>\n\t<\/div>\n<\/div><\/div><\/div><div class=\"wpb_column vc_column_container vc_col-sm-3\"><div class=\"vc_column-inner\"><div class=\"wpb_wrapper\">\n\t<div  class=\"wpb_single_image wpb_content_element vc_align_center\">\n\t\t\n\t\t<figure class=\"wpb_wrapper vc_figure\">\n\t\t\t<div class=\"vc_single_image-wrapper   vc_box_border_grey\"><img decoding=\"async\" width=\"600\" height=\"400\" src=\"https:\/\/new-tech.com.tr\/wp-content\/uploads\/2025\/01\/Classic-Fashion-referanslar.jpg\" class=\"vc_single_image-img attachment-full\" alt=\"\" title=\"Classic-Fashion-references\" srcset=\"https:\/\/new-tech.com.tr\/wp-content\/uploads\/2025\/01\/Classic-Fashion-referanslar.jpg 600w, https:\/\/new-tech.com.tr\/wp-content\/uploads\/2025\/01\/Classic-Fashion-referanslar-300x200.jpg 300w\" sizes=\"(max-width: 600px) 100vw, 600px\"  data-dt-location=\"https:\/\/new-tech.com.tr\/en\/hakkimizda\/referanslar\/classic-fashion-referanslar\/\" \/><\/div>\n\t\t<\/figure>\n\t<\/div>\n<\/div><\/div><\/div><div class=\"wpb_column vc_column_container vc_col-sm-3\"><div class=\"vc_column-inner\"><div class=\"wpb_wrapper\">\n\t<div  class=\"wpb_single_image wpb_content_element vc_align_center\">\n\t\t\n\t\t<figure class=\"wpb_wrapper vc_figure\">\n\t\t\t<div class=\"vc_single_image-wrapper   vc_box_border_grey\"><img decoding=\"async\" width=\"600\" height=\"400\" src=\"https:\/\/new-tech.com.tr\/wp-content\/uploads\/2025\/01\/mas-referanslar.jpg\" class=\"vc_single_image-img attachment-full\" alt=\"\" title=\"mas-references\" srcset=\"https:\/\/new-tech.com.tr\/wp-content\/uploads\/2025\/01\/mas-referanslar.jpg 600w, https:\/\/new-tech.com.tr\/wp-content\/uploads\/2025\/01\/mas-referanslar-300x200.jpg 300w\" sizes=\"(max-width: 600px) 100vw, 600px\"  data-dt-location=\"https:\/\/new-tech.com.tr\/en\/hakkimizda\/referanslar\/mas-referanslar\/\" \/><\/div>\n\t\t<\/figure>\n\t<\/div>\n<\/div><\/div><\/div><div class=\"wpb_column vc_column_container vc_col-sm-3\"><div class=\"vc_column-inner\"><div class=\"wpb_wrapper\"><\/div><\/div><\/div><\/div>\n<\/div>","protected":false},"excerpt":{"rendered":"","protected":false},"author":1,"featured_media":0,"parent":1479,"menu_order":0,"comment_status":"closed","ping_status":"closed","template":"","meta":{"footnotes":""},"class_list":["post-4119","page","type-page","status-publish","hentry","description-off"],"_links":{"self":[{"href":"https:\/\/new-tech.com.tr\/en\/wp-json\/wp\/v2\/pages\/4119","targetHints":{"allow":["GET"]}}],"collection":[{"href":"https:\/\/new-tech.com.tr\/en\/wp-json\/wp\/v2\/pages"}],"about":[{"href":"https:\/\/new-tech.com.tr\/en\/wp-json\/wp\/v2\/types\/page"}],"author":[{"embeddable":true,"href":"https:\/\/new-tech.com.tr\/en\/wp-json\/wp\/v2\/users\/1"}],"replies":[{"embeddable":true,"href":"https:\/\/new-tech.com.tr\/en\/wp-json\/wp\/v2\/comments?post=4119"}],"version-history":[{"count":0,"href":"https:\/\/new-tech.com.tr\/en\/wp-json\/wp\/v2\/pages\/4119\/revisions"}],"up":[{"embeddable":true,"href":"https:\/\/new-tech.com.tr\/en\/wp-json\/wp\/v2\/pages\/1479"}],"wp:attachment":[{"href":"https:\/\/new-tech.com.tr\/en\/wp-json\/wp\/v2\/media?parent=4119"}],"curies":[{"name":"wp","href":"https:\/\/api.w.org\/{rel}","templated":true}]}}