{"id":3796,"date":"2024-12-17T13:44:35","date_gmt":"2024-12-17T10:44:35","guid":{"rendered":"https:\/\/new-tech.com.tr\/?page_id=3796"},"modified":"2025-01-01T20:09:56","modified_gmt":"2025-01-01T17:09:56","slug":"orgu-grubu-otomatlari","status":"publish","type":"page","link":"https:\/\/new-tech.com.tr\/en\/orgu-grubu-otomatlari\/","title":{"rendered":"Knitting Group Vending Machines"},"content":{"rendered":"<div class=\"wpb-content-wrapper\"><div data-vc-full-width=\"true\" data-vc-full-width-init=\"false\" data-vc-stretch-content=\"true\" class=\"vc_row wpb_row vc_row-fluid vc_custom_1734689896985 vc_row-no-padding\"><div class=\"wpb_column vc_column_container vc_col-sm-12\"><div class=\"vc_column-inner\"><div class=\"wpb_wrapper\"><div class=\"dt-shortcode with-isotope\"><div class=\"wf-container dt-portfolio-shortcode loading-effect-none iso-grid bg-under-post description-under-image content-align-centre\" data-padding=\"20px\" data-cur-page=\"1\" data-posts-per-page=\"-1\" data-width=\"370px\" data-columns=\"4\">\n<div class=\"wf-cell category-23\" data-post-id=\"4082\" data-date=\"2024-12-27T11:23:28+03:00\" data-name=\"2025\/3 E\u015fofman Fleto Otomat\u0131\">\n<article class=\"post post-4082 dt_portfolio type-dt_portfolio status-publish has-post-thumbnail hentry dt_portfolio_category-orgu-grubu-otomatlari dt_portfolio_category-23 bg-on text-centered\">\n\n\t<div class=\"project-list-media\">\n\t<figure class=\"buttons-on-img forward-post\">\n\t\t<a href=\"https:\/\/new-tech.com.tr\/en\/urunlerimiz\/2025-3-esofman-fleto-otomati\/\" class=\"alignnone rollover layzr-bg\" title=\"2025\/3\"  aria-label=\"Post image\"><img fetchpriority=\"high\" decoding=\"async\" class=\"preload-me iso-lazy-load aspect\" src=\"data:image\/svg+xml,%3Csvg%20xmlns%3D&#39;http%3A%2F%2Fwww.w3.org%2F2000%2Fsvg&#39;%20viewBox%3D&#39;0%200%20555%20370&#39;%2F%3E\" data-src=\"https:\/\/new-tech.com.tr\/wp-content\/uploads\/2024\/12\/20253-555x370.jpg\" data-srcset=\"https:\/\/new-tech.com.tr\/wp-content\/uploads\/2024\/12\/20253-555x370.jpg 555w, https:\/\/new-tech.com.tr\/wp-content\/uploads\/2024\/12\/20253-1110x740.jpg 1110w\" loading=\"eager\" style=\"--ratio: 555 \/ 370\" sizes=\"(max-width: 555px) 100vw, 555px\" alt=\"\" width=\"555\" height=\"370\"  \/><\/a>\t\t\t<\/figure>\n<\/div>\n<div class=\"project-list-content\">\n\t<h3 class=\"entry-title\"><a href=\"https:\/\/new-tech.com.tr\/en\/urunlerimiz\/2025-3-esofman-fleto-otomati\/\" title=\"2025\/3 Tracksuit Fleto Vending Machine\" rel=\"bookmark\">2025\/3 Tracksuit Fleto Vending Machine<\/a><\/h3><\/div>\n<\/article>\n\n<\/div>\n<div class=\"wf-cell category-23\" data-post-id=\"4083\" data-date=\"2024-12-27T11:23:37+03:00\" data-name=\"3500\/1 Penye Pat Diki\u015f Otomat\u0131 (Kilit Diki\u015f)\">\n<article class=\"post post-4083 dt_portfolio type-dt_portfolio status-publish has-post-thumbnail hentry dt_portfolio_category-orgu-grubu-otomatlari dt_portfolio_category-23 bg-on text-centered\">\n\n\t<div class=\"project-list-media\">\n\t<figure class=\"buttons-on-img forward-post\">\n\t\t<a href=\"https:\/\/new-tech.com.tr\/en\/urunlerimiz\/3500-1-penye-pat-dikis-otomati-kilit-dikis\/\" class=\"alignnone rollover layzr-bg\" title=\"3500\/1\"  aria-label=\"Post image\"><img decoding=\"async\" class=\"preload-me iso-lazy-load aspect\" src=\"data:image\/svg+xml,%3Csvg%20xmlns%3D&#39;http%3A%2F%2Fwww.w3.org%2F2000%2Fsvg&#39;%20viewBox%3D&#39;0%200%20555%20370&#39;%2F%3E\" data-src=\"https:\/\/new-tech.com.tr\/wp-content\/uploads\/2024\/12\/35001-555x370.jpg\" data-srcset=\"https:\/\/new-tech.com.tr\/wp-content\/uploads\/2024\/12\/35001-555x370.jpg 555w, https:\/\/new-tech.com.tr\/wp-content\/uploads\/2024\/12\/35001-1110x740.jpg 1110w\" loading=\"eager\" style=\"--ratio: 555 \/ 370\" sizes=\"(max-width: 555px) 100vw, 555px\" alt=\"\" width=\"555\" height=\"370\"  \/><\/a>\t\t\t<\/figure>\n<\/div>\n<div class=\"project-list-content\">\n\t<h3 class=\"entry-title\"><a href=\"https:\/\/new-tech.com.tr\/en\/urunlerimiz\/3500-1-penye-pat-dikis-otomati-kilit-dikis\/\" title=\"3500\/1 Combed Pat Sewing Machine (Lockstitch)\" rel=\"bookmark\">3500\/1 Combed Pat Sewing Machine (Lockstitch)<\/a><\/h3><\/div>\n<\/article>\n\n<\/div>\n<div class=\"wf-cell category-23\" data-post-id=\"4084\" data-date=\"2024-12-27T11:23:48+03:00\" data-name=\"3500\/2 Penye \u00c7\u0131mal\u0131 Pat Otomat\u0131\">\n<article class=\"post post-4084 dt_portfolio type-dt_portfolio status-publish has-post-thumbnail hentry dt_portfolio_category-orgu-grubu-otomatlari dt_portfolio_category-23 bg-on text-centered\">\n\n\t<div class=\"project-list-media\">\n\t<figure class=\"buttons-on-img forward-post\">\n\t\t<a href=\"https:\/\/new-tech.com.tr\/en\/urunlerimiz\/3500-2-penye-cimali-pat-otomati\/\" class=\"alignnone rollover layzr-bg\" title=\"3500\/1\"  aria-label=\"Post image\"><img decoding=\"async\" class=\"preload-me iso-lazy-load aspect\" src=\"data:image\/svg+xml,%3Csvg%20xmlns%3D&#39;http%3A%2F%2Fwww.w3.org%2F2000%2Fsvg&#39;%20viewBox%3D&#39;0%200%20555%20370&#39;%2F%3E\" data-src=\"https:\/\/new-tech.com.tr\/wp-content\/uploads\/2024\/12\/35001-555x370.jpg\" data-srcset=\"https:\/\/new-tech.com.tr\/wp-content\/uploads\/2024\/12\/35001-555x370.jpg 555w, https:\/\/new-tech.com.tr\/wp-content\/uploads\/2024\/12\/35001-1110x740.jpg 1110w\" loading=\"eager\" style=\"--ratio: 555 \/ 370\" sizes=\"(max-width: 555px) 100vw, 555px\" alt=\"\" width=\"555\" height=\"370\"  \/><\/a>\t\t\t<\/figure>\n<\/div>\n<div class=\"project-list-content\">\n\t<h3 class=\"entry-title\"><a href=\"https:\/\/new-tech.com.tr\/en\/urunlerimiz\/3500-2-penye-cimali-pat-otomati\/\" title=\"3500\/2 Combed Straw Pat Vending Machine\" rel=\"bookmark\">3500\/2 Combed Straw Pat Vending Machine<\/a><\/h3><\/div>\n<\/article>\n\n<\/div>\n<div class=\"wf-cell category-23\" data-post-id=\"4085\" data-date=\"2024-12-27T11:23:59+03:00\" data-name=\"1500\/7 E\u015fofman Yan \u00c7atma Otomat\u0131\">\n<article class=\"post post-4085 dt_portfolio type-dt_portfolio status-publish has-post-thumbnail hentry dt_portfolio_category-orgu-grubu-otomatlari dt_portfolio_category-23 bg-on text-centered\">\n\n\t<div class=\"project-list-media\">\n\t<figure class=\"buttons-on-img forward-post\">\n\t\t<a href=\"https:\/\/new-tech.com.tr\/en\/urunlerimiz\/1500-7-esofman-yan-catma-otomati\/\" class=\"alignnone rollover layzr-bg\" title=\"1500\/7\"  aria-label=\"Post image\"><img decoding=\"async\" class=\"preload-me iso-lazy-load aspect\" src=\"data:image\/svg+xml,%3Csvg%20xmlns%3D&#39;http%3A%2F%2Fwww.w3.org%2F2000%2Fsvg&#39;%20viewBox%3D&#39;0%200%20555%20370&#39;%2F%3E\" data-src=\"https:\/\/new-tech.com.tr\/wp-content\/uploads\/2024\/12\/15007-555x370.jpg\" data-srcset=\"https:\/\/new-tech.com.tr\/wp-content\/uploads\/2024\/12\/15007-555x370.jpg 555w, https:\/\/new-tech.com.tr\/wp-content\/uploads\/2024\/12\/15007-1110x740.jpg 1110w\" loading=\"eager\" style=\"--ratio: 555 \/ 370\" sizes=\"(max-width: 555px) 100vw, 555px\" alt=\"\" width=\"555\" height=\"370\"  \/><\/a>\t\t\t<\/figure>\n<\/div>\n<div class=\"project-list-content\">\n\t<h3 class=\"entry-title\"><a href=\"https:\/\/new-tech.com.tr\/en\/urunlerimiz\/1500-7-esofman-yan-catma-otomati\/\" title=\"1500\/7 Tracksuit Side Cracking Automaton\" rel=\"bookmark\">1500\/7 Tracksuit Side Cracking Automaton<\/a><\/h3><\/div>\n<\/article>\n\n<\/div>\n<div class=\"wf-cell category-23\" data-post-id=\"4086\" data-date=\"2024-12-27T11:24:09+03:00\" data-name=\"2600\/9 Pantolon Cep A\u011fz\u0131 \u00d6n Diki\u015f Otomat\u0131 (Kilit Diki\u015f)\">\n<article class=\"post post-4086 dt_portfolio type-dt_portfolio status-publish has-post-thumbnail hentry dt_portfolio_category-orgu-grubu-otomatlari dt_portfolio_category-23 bg-on text-centered\">\n\n\t<div class=\"project-list-media\">\n\t<figure class=\"buttons-on-img forward-post\">\n\t\t<a href=\"https:\/\/new-tech.com.tr\/en\/urunlerimiz\/2600-9-pantolon-cep-agzi-on-dikis-otomati-kilit-dikis\/\" class=\"alignnone rollover layzr-bg\" title=\"2600\/9\"  aria-label=\"Post image\"><img decoding=\"async\" class=\"preload-me iso-lazy-load aspect\" src=\"data:image\/svg+xml,%3Csvg%20xmlns%3D&#39;http%3A%2F%2Fwww.w3.org%2F2000%2Fsvg&#39;%20viewBox%3D&#39;0%200%20555%20370&#39;%2F%3E\" data-src=\"https:\/\/new-tech.com.tr\/wp-content\/uploads\/2024\/12\/26009-555x370.jpg\" data-srcset=\"https:\/\/new-tech.com.tr\/wp-content\/uploads\/2024\/12\/26009-555x370.jpg 555w, https:\/\/new-tech.com.tr\/wp-content\/uploads\/2024\/12\/26009-1110x740.jpg 1110w\" loading=\"eager\" style=\"--ratio: 555 \/ 370\" sizes=\"(max-width: 555px) 100vw, 555px\" alt=\"\" width=\"555\" height=\"370\"  \/><\/a>\t\t\t<\/figure>\n<\/div>\n<div class=\"project-list-content\">\n\t<h3 class=\"entry-title\"><a href=\"https:\/\/new-tech.com.tr\/en\/urunlerimiz\/2600-9-pantolon-cep-agzi-on-dikis-otomati-kilit-dikis\/\" title=\"2600\/9 Trousers Pocket Mouth Front Sewing Machine (Lock Stitch)\" rel=\"bookmark\">2600\/9 Trousers Pocket Mouth Front Sewing Machine (Lock Stitch)<\/a><\/h3><\/div>\n<\/article>\n\n<\/div>\n<div class=\"wf-cell category-23\" data-post-id=\"4087\" data-date=\"2024-12-27T11:24:21+03:00\" data-name=\"2600\/10 Pantolon Cep A\u011fz\u0131 \u00d6n Diki\u015f Otomat\u0131 (Kilit Diki\u015f)\">\n<article class=\"post post-4087 dt_portfolio type-dt_portfolio status-publish has-post-thumbnail hentry dt_portfolio_category-orgu-grubu-otomatlari dt_portfolio_category-23 bg-on text-centered\">\n\n\t<div class=\"project-list-media\">\n\t<figure class=\"buttons-on-img forward-post\">\n\t\t<a href=\"https:\/\/new-tech.com.tr\/en\/urunlerimiz\/2600-10-pantolon-cep-agzi-on-dikis-otomati-kilit-dikis\/\" class=\"alignnone rollover layzr-bg\" title=\"2600\/9\"  aria-label=\"Post image\"><img decoding=\"async\" class=\"preload-me iso-lazy-load aspect\" src=\"data:image\/svg+xml,%3Csvg%20xmlns%3D&#39;http%3A%2F%2Fwww.w3.org%2F2000%2Fsvg&#39;%20viewBox%3D&#39;0%200%20555%20370&#39;%2F%3E\" data-src=\"https:\/\/new-tech.com.tr\/wp-content\/uploads\/2024\/12\/26009-555x370.jpg\" data-srcset=\"https:\/\/new-tech.com.tr\/wp-content\/uploads\/2024\/12\/26009-555x370.jpg 555w, https:\/\/new-tech.com.tr\/wp-content\/uploads\/2024\/12\/26009-1110x740.jpg 1110w\" loading=\"eager\" style=\"--ratio: 555 \/ 370\" sizes=\"(max-width: 555px) 100vw, 555px\" alt=\"\" width=\"555\" height=\"370\"  \/><\/a>\t\t\t<\/figure>\n<\/div>\n<div class=\"project-list-content\">\n\t<h3 class=\"entry-title\"><a href=\"https:\/\/new-tech.com.tr\/en\/urunlerimiz\/2600-10-pantolon-cep-agzi-on-dikis-otomati-kilit-dikis\/\" title=\"2600\/10 Trousers Pocket Mouth Front Sewing Machine (Lock Stitch)\" rel=\"bookmark\">2600\/10 Trousers Pocket Mouth Front Sewing Machine (Lock Stitch)<\/a><\/h3><\/div>\n<\/article>\n\n<\/div>\n<div class=\"wf-cell category-23\" data-post-id=\"4088\" data-date=\"2024-12-27T11:24:36+03:00\" data-name=\"3500\/10 Etek Re\u00e7me Otomat\u0131 (T\u00fcp Veya Yan \u00c7at\u0131lm\u0131\u015f)\">\n<article class=\"post post-4088 dt_portfolio type-dt_portfolio status-publish has-post-thumbnail hentry dt_portfolio_category-orgu-grubu-otomatlari dt_portfolio_category-23 bg-on text-centered\">\n\n\t<div class=\"project-list-media\">\n\t<figure class=\"buttons-on-img forward-post\">\n\t\t<a href=\"https:\/\/new-tech.com.tr\/en\/urunlerimiz\/3500-10-etek-recme-otomati-tup-veya-yan-catilmis\/\" class=\"alignnone rollover layzr-bg\" title=\"3500\/10\"  aria-label=\"Post image\"><img decoding=\"async\" class=\"preload-me iso-lazy-load aspect\" src=\"data:image\/svg+xml,%3Csvg%20xmlns%3D&#39;http%3A%2F%2Fwww.w3.org%2F2000%2Fsvg&#39;%20viewBox%3D&#39;0%200%20555%20370&#39;%2F%3E\" data-src=\"https:\/\/new-tech.com.tr\/wp-content\/uploads\/2024\/12\/350010-1-555x370.jpg\" data-srcset=\"https:\/\/new-tech.com.tr\/wp-content\/uploads\/2024\/12\/350010-1-555x370.jpg 555w, https:\/\/new-tech.com.tr\/wp-content\/uploads\/2024\/12\/350010-1-1110x740.jpg 1110w\" loading=\"eager\" style=\"--ratio: 555 \/ 370\" sizes=\"(max-width: 555px) 100vw, 555px\" alt=\"\" width=\"555\" height=\"370\"  \/><\/a>\t\t\t<\/figure>\n<\/div>\n<div class=\"project-list-content\">\n\t<h3 class=\"entry-title\"><a href=\"https:\/\/new-tech.com.tr\/en\/urunlerimiz\/3500-10-etek-recme-otomati-tup-veya-yan-catilmis\/\" title=\"3500\/10 Skirt Reaming Vending Machine (Tube Or Side Cracked)\" rel=\"bookmark\">3500\/10 Skirt Reaming Vending Machine (Tube Or Side Cracked)<\/a><\/h3><\/div>\n<\/article>\n\n<\/div>\n<div class=\"wf-cell category-23\" data-post-id=\"4089\" data-date=\"2024-12-27T11:24:49+03:00\" data-name=\"3500\/11 Penye Etek Ve Kol Otomat\u0131 (A\u00e7\u0131k Versiyon)\">\n<article class=\"post post-4089 dt_portfolio type-dt_portfolio status-publish has-post-thumbnail hentry dt_portfolio_category-orgu-grubu-otomatlari dt_portfolio_category-23 bg-on text-centered\">\n\n\t<div class=\"project-list-media\">\n\t<figure class=\"buttons-on-img forward-post\">\n\t\t<a href=\"https:\/\/new-tech.com.tr\/en\/urunlerimiz\/3500-11-penye-etek-ve-kol-otomati-acik-versiyon\/\" class=\"alignnone rollover layzr-bg\" title=\"3500:11\"  aria-label=\"Post image\"><img decoding=\"async\" class=\"preload-me iso-lazy-load aspect\" src=\"data:image\/svg+xml,%3Csvg%20xmlns%3D&#39;http%3A%2F%2Fwww.w3.org%2F2000%2Fsvg&#39;%20viewBox%3D&#39;0%200%20555%20370&#39;%2F%3E\" data-src=\"https:\/\/new-tech.com.tr\/wp-content\/uploads\/2024\/12\/350011-555x370.jpg\" data-srcset=\"https:\/\/new-tech.com.tr\/wp-content\/uploads\/2024\/12\/350011-555x370.jpg 555w, https:\/\/new-tech.com.tr\/wp-content\/uploads\/2024\/12\/350011-1110x740.jpg 1110w\" loading=\"eager\" style=\"--ratio: 555 \/ 370\" sizes=\"(max-width: 555px) 100vw, 555px\" alt=\"\" width=\"555\" height=\"370\"  \/><\/a>\t\t\t<\/figure>\n<\/div>\n<div class=\"project-list-content\">\n\t<h3 class=\"entry-title\"><a href=\"https:\/\/new-tech.com.tr\/en\/urunlerimiz\/3500-11-penye-etek-ve-kol-otomati-acik-versiyon\/\" title=\"3500\/11 Combed Skirt and Sleeve Vending Machine (Open Version)\" rel=\"bookmark\">3500\/11 Combed Skirt and Sleeve Vending Machine (Open Version)<\/a><\/h3><\/div>\n<\/article>\n\n<\/div>\n<div class=\"wf-cell category-23\" data-post-id=\"4090\" data-date=\"2024-12-27T11:25:00+03:00\" data-name=\"1500\/2 \u015eemsiye Yan \u00c7atma Otomat\u0131\">\n<article class=\"post post-4090 dt_portfolio type-dt_portfolio status-publish has-post-thumbnail hentry dt_portfolio_category-orgu-grubu-otomatlari dt_portfolio_category-23 bg-on text-centered\">\n\n\t<div class=\"project-list-media\">\n\t<figure class=\"buttons-on-img forward-post\">\n\t\t<a href=\"https:\/\/new-tech.com.tr\/en\/urunlerimiz\/1500-2-semsiye-yan-catma-otomati\/\" class=\"alignnone rollover layzr-bg\" title=\"1500:2\"  aria-label=\"Post image\"><img decoding=\"async\" class=\"preload-me iso-lazy-load aspect\" src=\"data:image\/svg+xml,%3Csvg%20xmlns%3D&#39;http%3A%2F%2Fwww.w3.org%2F2000%2Fsvg&#39;%20viewBox%3D&#39;0%200%20555%20370&#39;%2F%3E\" data-src=\"https:\/\/new-tech.com.tr\/wp-content\/uploads\/2024\/12\/15002-555x370.jpg\" data-srcset=\"https:\/\/new-tech.com.tr\/wp-content\/uploads\/2024\/12\/15002-555x370.jpg 555w, https:\/\/new-tech.com.tr\/wp-content\/uploads\/2024\/12\/15002-1110x740.jpg 1110w\" loading=\"eager\" style=\"--ratio: 555 \/ 370\" sizes=\"(max-width: 555px) 100vw, 555px\" alt=\"\" width=\"555\" height=\"370\"  \/><\/a>\t\t\t<\/figure>\n<\/div>\n<div class=\"project-list-content\">\n\t<h3 class=\"entry-title\"><a href=\"https:\/\/new-tech.com.tr\/en\/urunlerimiz\/1500-2-semsiye-yan-catma-otomati\/\" title=\"1500\/2 Umbrella Side Cracking Automaton\" rel=\"bookmark\">1500\/2 Umbrella Side Cracking Automaton<\/a><\/h3><\/div>\n<\/article>\n\n<\/div>\n<div class=\"wf-cell category-23\" data-post-id=\"4091\" data-date=\"2024-12-27T11:25:12+03:00\" data-name=\"3500\/20 Kanguru Cep Takma Otomat\u0131\">\n<article class=\"post post-4091 dt_portfolio type-dt_portfolio status-publish has-post-thumbnail hentry dt_portfolio_category-orgu-grubu-otomatlari dt_portfolio_category-23 bg-on text-centered\">\n\n\t<div class=\"project-list-media\">\n\t<figure class=\"buttons-on-img forward-post\">\n\t\t<a href=\"https:\/\/new-tech.com.tr\/en\/urunlerimiz\/3500-20-kanguru-cep-takma-otomati\/\" class=\"alignnone rollover layzr-bg\" title=\"3500:20\"  aria-label=\"Post image\"><img decoding=\"async\" class=\"preload-me iso-lazy-load aspect\" src=\"data:image\/svg+xml,%3Csvg%20xmlns%3D&#39;http%3A%2F%2Fwww.w3.org%2F2000%2Fsvg&#39;%20viewBox%3D&#39;0%200%20555%20370&#39;%2F%3E\" data-src=\"https:\/\/new-tech.com.tr\/wp-content\/uploads\/2024\/12\/350020-555x370.jpg\" data-srcset=\"https:\/\/new-tech.com.tr\/wp-content\/uploads\/2024\/12\/350020-555x370.jpg 555w, https:\/\/new-tech.com.tr\/wp-content\/uploads\/2024\/12\/350020-1110x740.jpg 1110w\" loading=\"eager\" style=\"--ratio: 555 \/ 370\" sizes=\"(max-width: 555px) 100vw, 555px\" alt=\"\" width=\"555\" height=\"370\"  \/><\/a>\t\t\t<\/figure>\n<\/div>\n<div class=\"project-list-content\">\n\t<h3 class=\"entry-title\"><a href=\"https:\/\/new-tech.com.tr\/en\/urunlerimiz\/3500-20-kanguru-cep-takma-otomati\/\" title=\"3500\/20 Kangaroo Pocket Insert Vending Machine\" rel=\"bookmark\">3500\/20 Kangaroo Pocket Insert Vending Machine<\/a><\/h3><\/div>\n<\/article>\n\n<\/div>\n<div class=\"wf-cell category-23\" data-post-id=\"4092\" data-date=\"2024-12-27T11:25:30+03:00\" data-name=\"3000\/13 Penye Cep Takma Otomat\u0131 3 Eksen\">\n<article class=\"post post-4092 dt_portfolio type-dt_portfolio status-publish has-post-thumbnail hentry dt_portfolio_category-orgu-grubu-otomatlari dt_portfolio_category-23 bg-on text-centered\">\n\n\t<div class=\"project-list-media\">\n\t<figure class=\"buttons-on-img forward-post\">\n\t\t<a href=\"https:\/\/new-tech.com.tr\/en\/urunlerimiz\/3000-13-penye-cep-takma-otomati-3-eksen\/\" class=\"alignnone rollover layzr-bg\" title=\"3000:13\"  aria-label=\"Post image\"><img decoding=\"async\" class=\"preload-me iso-lazy-load aspect\" src=\"data:image\/svg+xml,%3Csvg%20xmlns%3D&#39;http%3A%2F%2Fwww.w3.org%2F2000%2Fsvg&#39;%20viewBox%3D&#39;0%200%20555%20370&#39;%2F%3E\" data-src=\"https:\/\/new-tech.com.tr\/wp-content\/uploads\/2024\/12\/300013-555x370.jpg\" data-srcset=\"https:\/\/new-tech.com.tr\/wp-content\/uploads\/2024\/12\/300013-555x370.jpg 555w, https:\/\/new-tech.com.tr\/wp-content\/uploads\/2024\/12\/300013-1110x740.jpg 1110w\" loading=\"eager\" style=\"--ratio: 555 \/ 370\" sizes=\"(max-width: 555px) 100vw, 555px\" alt=\"\" width=\"555\" height=\"370\"  \/><\/a>\t\t\t<\/figure>\n<\/div>\n<div class=\"project-list-content\">\n\t<h3 class=\"entry-title\"><a href=\"https:\/\/new-tech.com.tr\/en\/urunlerimiz\/3000-13-penye-cep-takma-otomati-3-eksen\/\" title=\"3000\/13 Combed Combed Pocket Inserting Vending Machine 3 Axis\" rel=\"bookmark\">3000\/13 Combed Combed Pocket Inserting Vending Machine 3 Axis<\/a><\/h3><\/div>\n<\/article>\n\n<\/div>\n<div class=\"wf-cell category-23\" data-post-id=\"4093\" data-date=\"2024-12-27T11:25:43+03:00\" data-name=\"3500\/3 Penye Pat Otomat\u0131 (Beden Ta\u015f\u0131mal\u0131)\">\n<article class=\"post post-4093 dt_portfolio type-dt_portfolio status-publish has-post-thumbnail hentry dt_portfolio_category-orgu-grubu-otomatlari dt_portfolio_category-23 bg-on text-centered\">\n\n\t<div class=\"project-list-media\">\n\t<figure class=\"buttons-on-img forward-post\">\n\t\t<a href=\"https:\/\/new-tech.com.tr\/en\/urunlerimiz\/3500-3-penye-pat-otomati-beden-tasimali\/\" class=\"alignnone rollover layzr-bg\" title=\"3500:3\"  aria-label=\"Post image\"><img decoding=\"async\" class=\"preload-me iso-lazy-load aspect\" src=\"data:image\/svg+xml,%3Csvg%20xmlns%3D&#39;http%3A%2F%2Fwww.w3.org%2F2000%2Fsvg&#39;%20viewBox%3D&#39;0%200%20555%20370&#39;%2F%3E\" data-src=\"https:\/\/new-tech.com.tr\/wp-content\/uploads\/2024\/12\/35003-555x370.jpg\" data-srcset=\"https:\/\/new-tech.com.tr\/wp-content\/uploads\/2024\/12\/35003-555x370.jpg 555w, https:\/\/new-tech.com.tr\/wp-content\/uploads\/2024\/12\/35003-1110x740.jpg 1110w\" loading=\"eager\" style=\"--ratio: 555 \/ 370\" sizes=\"(max-width: 555px) 100vw, 555px\" alt=\"\" width=\"555\" height=\"370\"  \/><\/a>\t\t\t<\/figure>\n<\/div>\n<div class=\"project-list-content\">\n\t<h3 class=\"entry-title\"><a href=\"https:\/\/new-tech.com.tr\/en\/urunlerimiz\/3500-3-penye-pat-otomati-beden-tasimali\/\" title=\"3500\/3 Combed Pat Vending Machine (Body Carrying)\" rel=\"bookmark\">3500\/3 Combed Pat Vending Machine (Body Carrying)<\/a><\/h3><\/div>\n<\/article>\n\n<\/div>\n<div class=\"wf-cell category-23\" data-post-id=\"4094\" data-date=\"2024-12-27T11:25:55+03:00\" data-name=\"3200\/6 G\u00f6mlek Penye Cep A\u011fz\u0131 K\u0131v\u0131rma Otomat\u0131\">\n<article class=\"post post-4094 dt_portfolio type-dt_portfolio status-publish has-post-thumbnail hentry dt_portfolio_category-orgu-grubu-otomatlari dt_portfolio_category-23 bg-on text-centered\">\n\n\t<div class=\"project-list-media\">\n\t<figure class=\"buttons-on-img forward-post\">\n\t\t<a href=\"https:\/\/new-tech.com.tr\/en\/urunlerimiz\/3200-6-gomlek-penye-cep-agzi-kivirma-otomati\/\" class=\"alignnone rollover layzr-bg\" title=\"3200:6\"  aria-label=\"Post image\"><img decoding=\"async\" class=\"preload-me iso-lazy-load aspect\" src=\"data:image\/svg+xml,%3Csvg%20xmlns%3D&#39;http%3A%2F%2Fwww.w3.org%2F2000%2Fsvg&#39;%20viewBox%3D&#39;0%200%20555%20370&#39;%2F%3E\" data-src=\"https:\/\/new-tech.com.tr\/wp-content\/uploads\/2024\/12\/32006-555x370.jpg\" data-srcset=\"https:\/\/new-tech.com.tr\/wp-content\/uploads\/2024\/12\/32006-555x370.jpg 555w, https:\/\/new-tech.com.tr\/wp-content\/uploads\/2024\/12\/32006-1110x740.jpg 1110w\" loading=\"eager\" style=\"--ratio: 555 \/ 370\" sizes=\"(max-width: 555px) 100vw, 555px\" alt=\"\" width=\"555\" height=\"370\"  \/><\/a>\t\t\t<\/figure>\n<\/div>\n<div class=\"project-list-content\">\n\t<h3 class=\"entry-title\"><a href=\"https:\/\/new-tech.com.tr\/en\/urunlerimiz\/3200-6-gomlek-penye-cep-agzi-kivirma-otomati\/\" title=\"3200\/6 Shirt Combed Pocket Hemming Machine\" rel=\"bookmark\">3200\/6 Shirt Combed Pocket Hemming Machine<\/a><\/h3><\/div>\n<\/article>\n\n<\/div><\/div><\/div><\/div><\/div><\/div><\/div><div class=\"vc_row-full-width vc_clearfix\"><\/div>\n<\/div>","protected":false},"excerpt":{"rendered":"","protected":false},"author":1,"featured_media":0,"parent":0,"menu_order":0,"comment_status":"closed","ping_status":"closed","template":"","meta":{"footnotes":""},"class_list":["post-3796","page","type-page","status-publish","hentry","description-off"],"_links":{"self":[{"href":"https:\/\/new-tech.com.tr\/en\/wp-json\/wp\/v2\/pages\/3796","targetHints":{"allow":["GET"]}}],"collection":[{"href":"https:\/\/new-tech.com.tr\/en\/wp-json\/wp\/v2\/pages"}],"about":[{"href":"https:\/\/new-tech.com.tr\/en\/wp-json\/wp\/v2\/types\/page"}],"author":[{"embeddable":true,"href":"https:\/\/new-tech.com.tr\/en\/wp-json\/wp\/v2\/users\/1"}],"replies":[{"embeddable":true,"href":"https:\/\/new-tech.com.tr\/en\/wp-json\/wp\/v2\/comments?post=3796"}],"version-history":[{"count":0,"href":"https:\/\/new-tech.com.tr\/en\/wp-json\/wp\/v2\/pages\/3796\/revisions"}],"wp:attachment":[{"href":"https:\/\/new-tech.com.tr\/en\/wp-json\/wp\/v2\/media?parent=3796"}],"curies":[{"name":"wp","href":"https:\/\/api.w.org\/{rel}","templated":true}]}}