{"id":1487,"date":"2019-10-16T16:14:02","date_gmt":"2019-10-16T16:14:02","guid":{"rendered":"https:\/\/new-tech.com.tr\/portfolio\/"},"modified":"2025-01-02T12:56:17","modified_gmt":"2025-01-02T09:56:17","slug":"urunlerimiz","status":"publish","type":"page","link":"https:\/\/new-tech.com.tr\/en\/urunlerimiz\/","title":{"rendered":"Our Products"},"content":{"rendered":"<div class=\"wpb-content-wrapper\"><div class=\"vc_row wpb_row vc_row-fluid vc_custom_1734683825207\"><div class=\"wpb_column vc_column_container vc_col-sm-3\"><div class=\"vc_column-inner vc_custom_1734690609093\"><div class=\"wpb_wrapper\">\n\t<div  class=\"wpb_single_image wpb_content_element vc_align_center\">\n\t\t<h2 class=\"wpb_heading wpb_singleimage_heading\">Jeans Vending Machines<\/h2>\n\t\t<figure class=\"wpb_wrapper vc_figure\">\n\t\t\t<a href=\"\/en\/jeans-otomatlari\/\" target=\"_self\"  class=\"vc_single_image-wrapper   vc_box_border_grey rollover\"   ><img decoding=\"async\" width=\"300\" height=\"600\" src=\"https:\/\/new-tech.com.tr\/wp-content\/uploads\/2024\/12\/jeans2-kategori.jpg\" class=\"vc_single_image-img attachment-full\" alt=\"\" title=\"jeans2-category\" srcset=\"https:\/\/new-tech.com.tr\/wp-content\/uploads\/2024\/12\/jeans2-kategori.jpg 300w, https:\/\/new-tech.com.tr\/wp-content\/uploads\/2024\/12\/jeans2-kategori-150x300.jpg 150w\" sizes=\"(max-width: 300px) 100vw, 300px\"  data-dt-location=\"https:\/\/new-tech.com.tr\/en\/urunlerimiz\/jeans2-kategori\/\" \/><\/a>\n\t\t<\/figure>\n\t<\/div>\n<\/div><\/div><\/div><div class=\"wpb_column vc_column_container vc_col-sm-3\"><div class=\"vc_column-inner vc_custom_1734690620524\"><div class=\"wpb_wrapper\">\n\t<div  class=\"wpb_single_image wpb_content_element vc_align_center\">\n\t\t<h2 class=\"wpb_heading wpb_singleimage_heading\">Jacket Vending Machines<\/h2>\n\t\t<figure class=\"wpb_wrapper vc_figure\">\n\t\t\t<a href=\"\/en\/ceket-otomatlari\/\" target=\"_self\"  class=\"vc_single_image-wrapper   vc_box_border_grey rollover\"   ><img decoding=\"async\" width=\"300\" height=\"600\" src=\"https:\/\/new-tech.com.tr\/wp-content\/uploads\/2024\/12\/jacket-kategori.jpg\" class=\"vc_single_image-img attachment-full\" alt=\"\" title=\"jacket-category\" srcset=\"https:\/\/new-tech.com.tr\/wp-content\/uploads\/2024\/12\/jacket-kategori.jpg 300w, https:\/\/new-tech.com.tr\/wp-content\/uploads\/2024\/12\/jacket-kategori-150x300.jpg 150w\" sizes=\"(max-width: 300px) 100vw, 300px\"  data-dt-location=\"https:\/\/new-tech.com.tr\/en\/urunlerimiz\/jacket-kategori\/\" \/><\/a>\n\t\t<\/figure>\n\t<\/div>\n<\/div><\/div><\/div><div class=\"wpb_column vc_column_container vc_col-sm-3\"><div class=\"vc_column-inner\"><div class=\"wpb_wrapper\">\n\t<div  class=\"wpb_single_image wpb_content_element vc_align_center\">\n\t\t<h2 class=\"wpb_heading wpb_singleimage_heading\">Trouser Vending Machines<\/h2>\n\t\t<figure class=\"wpb_wrapper vc_figure\">\n\t\t\t<a href=\"\/en\/pantolon-otomatlari\/\" target=\"_self\"  class=\"vc_single_image-wrapper   vc_box_border_grey rollover\"   ><img decoding=\"async\" width=\"300\" height=\"600\" src=\"https:\/\/new-tech.com.tr\/wp-content\/uploads\/2025\/01\/pantolon3-kategori.jpg\" class=\"vc_single_image-img attachment-full\" alt=\"\" title=\"trousers3-category\" srcset=\"https:\/\/new-tech.com.tr\/wp-content\/uploads\/2025\/01\/pantolon3-kategori.jpg 300w, https:\/\/new-tech.com.tr\/wp-content\/uploads\/2025\/01\/pantolon3-kategori-150x300.jpg 150w\" sizes=\"(max-width: 300px) 100vw, 300px\"  data-dt-location=\"https:\/\/new-tech.com.tr\/en\/urunlerimiz\/pantolon3-kategori\/\" \/><\/a>\n\t\t<\/figure>\n\t<\/div>\n<\/div><\/div><\/div><div class=\"wpb_column vc_column_container vc_col-sm-3\"><div class=\"vc_column-inner\"><div class=\"wpb_wrapper\">\n\t<div  class=\"wpb_single_image wpb_content_element vc_align_center\">\n\t\t<h2 class=\"wpb_heading wpb_singleimage_heading\">Knitting Group Vending Machines<\/h2>\n\t\t<figure class=\"wpb_wrapper vc_figure\">\n\t\t\t<a href=\"\/en\/orgu-grubu-otomatlari\/\" target=\"_self\"  class=\"vc_single_image-wrapper   vc_box_border_grey rollover\"   ><img decoding=\"async\" width=\"300\" height=\"600\" src=\"https:\/\/new-tech.com.tr\/wp-content\/uploads\/2024\/12\/tshirt-kategori.jpg\" class=\"vc_single_image-img attachment-full\" alt=\"\" title=\"tshirt-category\" srcset=\"https:\/\/new-tech.com.tr\/wp-content\/uploads\/2024\/12\/tshirt-kategori.jpg 300w, https:\/\/new-tech.com.tr\/wp-content\/uploads\/2024\/12\/tshirt-kategori-150x300.jpg 150w\" sizes=\"(max-width: 300px) 100vw, 300px\"  data-dt-location=\"https:\/\/new-tech.com.tr\/en\/urunlerimiz\/tshirt-kategori\/\" \/><\/a>\n\t\t<\/figure>\n\t<\/div>\n<\/div><\/div><\/div><\/div><div class=\"vc_row wpb_row vc_row-fluid vc_custom_1735295104103\"><div class=\"wpb_column vc_column_container vc_col-sm-4\"><div class=\"vc_column-inner\"><div class=\"wpb_wrapper\"><div id=\"ultimate-heading-792169e3691bca389\" class=\"uvc-heading ult-adjust-bottom-margin ultimate-heading-792169e3691bca389 uvc-4117  uvc-heading-default-font-sizes\" data-hspacer=\"no_spacer\"  data-halign=\"left\" style=\"text-align:left\"><div class=\"uvc-heading-spacer no_spacer\" style=\"top\"><\/div><div class=\"uvc-main-heading ult-responsive\"  data-ultimate-target='.uvc-heading.ultimate-heading-792169e3691bca389 h2'  data-responsive-json-new='{\"font-size\":\"\",\"line-height\":\"\"}' ><h2 style=\"--font-weight:theme;\">Our References<\/h2><\/div><div class=\"uvc-sub-heading ult-responsive\"  data-ultimate-target='.uvc-heading.ultimate-heading-792169e3691bca389 .uvc-sub-heading '  data-responsive-json-new='{\"font-size\":\"\",\"line-height\":\"\"}'  style=\"font-weight:normal;\">For more than 30 years, we have had many references that we have worked together. We are proud to share some of them with you.<\/div><\/div><style type=\"text\/css\" data-type=\"the7_shortcodes-inline-css\">#default-btn-cc363934ab6f0fea88bd390adc3272c7.ico-right-side > i {\n  margin-right: 0px;\n  margin-left: 8px;\n}\n#default-btn-cc363934ab6f0fea88bd390adc3272c7 > i {\n  margin-right: 8px;\n}\n<\/style><a href=\"\/en\/hakkimizda\/referanslar\/\" class=\"default-btn-shortcode dt-btn dt-btn-s link-hover-off btn-inline-left\" id=\"default-btn-cc363934ab6f0fea88bd390adc3272c7\" title=\"References\"><span>All Refernas<\/span><\/a><\/div><\/div><\/div><div class=\"wpb_column vc_column_container vc_col-sm-8\"><div class=\"vc_column-inner\"><div class=\"wpb_wrapper\"><style type=\"text\/css\" data-type=\"the7_shortcodes-inline-css\">.gallery-carousel-shortcode.gallery-carousel-shortcode-id-dd167da45e8473b52e7d09e6491cde6f.owl-carousel .owl-nav div {\n  width: 36px;\n  height: 36px;\n  border-radius: 500px;\n}\n.dt-arrow-border-on.gallery-carousel-shortcode.gallery-carousel-shortcode-id-dd167da45e8473b52e7d09e6491cde6f.owl-carousel .owl-nav div:not(:hover):before {\n  border-width: 0px;\n}\n.dt-arrow-hover-border-on.gallery-carousel-shortcode.gallery-carousel-shortcode-id-dd167da45e8473b52e7d09e6491cde6f.owl-carousel .owl-nav div:hover:after {\n  border-width: 0px;\n}\n.gallery-carousel-shortcode.gallery-carousel-shortcode-id-dd167da45e8473b52e7d09e6491cde6f.owl-carousel .owl-nav div.owl-prev {\n  top: 50%;\n  transform: translateY(calc(-50% + 0px));\n  left: -43px;\n}\n@media all and (-ms-high-contrast: none) {\n  .gallery-carousel-shortcode.gallery-carousel-shortcode-id-dd167da45e8473b52e7d09e6491cde6f.owl-carousel .owl-nav div.owl-prev {\n    transform: translateY(-50%);\n    margin-top: 0px;\n  }\n}\n.gallery-carousel-shortcode.gallery-carousel-shortcode-id-dd167da45e8473b52e7d09e6491cde6f.owl-carousel .owl-nav div.owl-prev i {\n  padding: 0px 0px 0px 0px;\n}\n.gallery-carousel-shortcode.gallery-carousel-shortcode-id-dd167da45e8473b52e7d09e6491cde6f.owl-carousel .owl-nav div.owl-next {\n  top: 50%;\n  transform: translateY(calc(-50% + 0px));\n  right: -43px;\n}\n@media all and (-ms-high-contrast: none) {\n  .gallery-carousel-shortcode.gallery-carousel-shortcode-id-dd167da45e8473b52e7d09e6491cde6f.owl-carousel .owl-nav div.owl-next {\n    transform: translateY(-50%);\n    margin-top: 0px;\n  }\n}\n.gallery-carousel-shortcode.gallery-carousel-shortcode-id-dd167da45e8473b52e7d09e6491cde6f.owl-carousel .owl-nav div.owl-next i {\n  padding: 0px 0px 0px 0px;\n}\n.gallery-carousel-shortcode.gallery-carousel-shortcode-id-dd167da45e8473b52e7d09e6491cde6f.owl-carousel .owl-nav i {\n  font-size: 18px;\n}\n.gallery-carousel-shortcode.gallery-carousel-shortcode-id-dd167da45e8473b52e7d09e6491cde6f.owl-carousel .owl-nav div:not(:hover) i,\n.gallery-carousel-shortcode.gallery-carousel-shortcode-id-dd167da45e8473b52e7d09e6491cde6f.owl-carousel .owl-nav div:not(:hover) i:before {\n  color: #ffffff;\n  background: none;\n}\n.gallery-carousel-shortcode.gallery-carousel-shortcode-id-dd167da45e8473b52e7d09e6491cde6f.owl-carousel .owl-nav div:hover i,\n.gallery-carousel-shortcode.gallery-carousel-shortcode-id-dd167da45e8473b52e7d09e6491cde6f.owl-carousel .owl-nav div:hover i:before {\n  color: rgba(255,255,255,0.75);\n  background: none;\n}\n.gallery-carousel-shortcode.gallery-carousel-shortcode-id-dd167da45e8473b52e7d09e6491cde6f .owl-dots {\n  top: calc(100% + 20px);\n  left: 50%;\n  transform: translateX(calc(-50% + 0px));\n}\n@media all and (-ms-high-contrast: none) {\n  .gallery-carousel-shortcode.gallery-carousel-shortcode-id-dd167da45e8473b52e7d09e6491cde6f .owl-dots {\n    transform: translateX(-50%);\n    margin-left: 0px;\n  }\n}\n.gallery-carousel-shortcode.gallery-carousel-shortcode-id-dd167da45e8473b52e7d09e6491cde6f .owl-dot {\n  width: 10px;\n  height: 10px;\n  margin: 0 8px;\n}\n@media screen and (max-width: 778px) {\n  .gallery-carousel-shortcode.gallery-carousel-shortcode-id-dd167da45e8473b52e7d09e6491cde6f.hide-arrows .owl-nav a {\n    display: none;\n  }\n}\n@media screen and (max-width: 778px) {\n  .gallery-carousel-shortcode.gallery-carousel-shortcode-id-dd167da45e8473b52e7d09e6491cde6f.reposition-arrows .owl-nav .owl-prev {\n    top: 50%;\n    transform: translateY(calc(-50% + 0px));\n    left: 10px;\n  }\n  .gallery-carousel-shortcode.gallery-carousel-shortcode-id-dd167da45e8473b52e7d09e6491cde6f.reposition-arrows .owl-nav .owl-next {\n    top: 50%;\n    transform: translateY(calc(-50% + 0px));\n    right: 10px;\n  }\n}\n@media screen and (max-width: 778px) and all and (-ms-high-contrast: none) {\n  .gallery-carousel-shortcode.gallery-carousel-shortcode-id-dd167da45e8473b52e7d09e6491cde6f.reposition-arrows .owl-nav .owl-prev {\n    transform: translateY(-50%);\n    margin-top: 0px;\n  }\n}\n@media screen and (max-width: 778px) and all and (-ms-high-contrast: none) {\n  .gallery-carousel-shortcode.gallery-carousel-shortcode-id-dd167da45e8473b52e7d09e6491cde6f.reposition-arrows .owl-nav .owl-next {\n    transform: translateY(-50%);\n    margin-top: 0px;\n  }\n}\n.gallery-carousel-shortcode.gallery-carousel-shortcode-id-dd167da45e8473b52e7d09e6491cde6f figure,\n.gallery-carousel-shortcode.gallery-carousel-shortcode-id-dd167da45e8473b52e7d09e6491cde6f .rollover,\n.gallery-carousel-shortcode.gallery-carousel-shortcode-id-dd167da45e8473b52e7d09e6491cde6f img,\n.gallery-carousel-shortcode.gallery-carousel-shortcode-id-dd167da45e8473b52e7d09e6491cde6f .gallery-rollover {\n  border-radius: 0px;\n}\n.gallery-carousel-shortcode.gallery-carousel-shortcode-id-dd167da45e8473b52e7d09e6491cde6f.enable-bg-rollover .gallery-rollover {\n  background: -webkit-linear-gradient();\n  background: linear-gradient();\n}\n.gallery-carousel-shortcode.gallery-carousel-shortcode-id-dd167da45e8473b52e7d09e6491cde6f.enable-img-shadow .owl-stage-outer {\n  padding: 14px 0;\n}\n.gallery-carousel-shortcode.gallery-carousel-shortcode-id-dd167da45e8473b52e7d09e6491cde6f.enable-bg-rollover.hover-scale figure .rollover:after {\n  background: -webkit-linear-gradient();\n  background: linear-gradient();\n}\n.gallery-carousel-shortcode.gallery-carousel-shortcode-id-dd167da45e8473b52e7d09e6491cde6f.gallery-shortcode .gallery-zoom-ico {\n  width: 44px;\n  height: 44px;\n  line-height: 44px;\n  border-radius: 100px;\n  margin: -22px 0 0 -22px;\n  border-width: 0px;\n}\n.dt-icon-bg-on.gallery-carousel-shortcode.gallery-carousel-shortcode-id-dd167da45e8473b52e7d09e6491cde6f.gallery-shortcode .gallery-zoom-ico {\n  background: rgba(255,255,255,0.3);\n  box-shadow: none;\n}\n.gallery-carousel-shortcode.gallery-carousel-shortcode-id-dd167da45e8473b52e7d09e6491cde6f.gallery-shortcode .gallery-zoom-ico:before,\n.gallery-carousel-shortcode.gallery-carousel-shortcode-id-dd167da45e8473b52e7d09e6491cde6f.gallery-shortcode .gallery-zoom-ico span {\n  font-size: 32px;\n  line-height: 44px;\n  color: #ffffff;\n  background: none;\n}\n<\/style><div class=\"owl-carousel gallery-carousel-shortcode gallery-shortcode  dt-gallery-container dt-owl-carousel-call gallery-carousel-shortcode-id-dd167da45e8473b52e7d09e6491cde6f enable-bg-rollover meta-info-off dt-arrow-border-on dt-arrow-hover-border-on bullets-small-dot-stroke reposition-arrows dt-icon-bg-off arrows-bg-on disable-arrows-hover-bg arrows-hover-bg-on  hover-fade\" data-scroll-mode=\"1\" data-col-num=\"4\" data-wide-col-num=\"4\" data-laptop-col=\"4\" data-h-tablet-columns-num=\"4\" data-v-tablet-columns-num=\"3\" data-phone-columns-num=\"2\" data-col-gap=\"10\" data-stage-padding=\"0\" data-speed=\"1200\" data-autoplay=\"true\" data-autoplay_speed=\"2000\" data-arrows=\"true\" data-bullet=\"false\" data-next-icon=\"icon-ar-017-r\" data-prev-icon=\"icon-ar-017-l\" data-img-shadow-size=\"12px\" data-img-shadow-spread=\"3px\"><div data-post-id=\"4140\" data-date=\"2025-01-01T11:39:57+03:00\" data-name=\"sarar-referanslar\"><figure class=\"post\"><a href=\"https:\/\/new-tech.com.tr\/wp-content\/uploads\/2025\/01\/sarar-referanslar.jpg\" class=\"rollover dt-pswp-item layzr-bg\" data-large_image_width=\"600\" data-large_image_height=\"400\" data-dt-img-description=\"\" title=\"sarar-references\"><img fetchpriority=\"high\" decoding=\"async\" class=\"preload-me owl-lazy-load aspect\" src=\"data:image\/svg+xml,%3Csvg%20xmlns%3D&#39;http%3A%2F%2Fwww.w3.org%2F2000%2Fsvg&#39;%20viewBox%3D&#39;0%200%20600%20400&#39;%2F%3E\" data-src=\"https:\/\/new-tech.com.tr\/wp-content\/uploads\/2025\/01\/sarar-referanslar.jpg\" data-srcset=\"https:\/\/new-tech.com.tr\/wp-content\/uploads\/2025\/01\/sarar-referanslar.jpg 600w\" loading=\"eager\" style=\"--ratio: 600 \/ 400\" sizes=\"(max-width: 600px) 100vw, 600px\" alt=\"\" width=\"600\" height=\"400\"  \/><span class=\"gallery-rollover\"><\/span><\/a><\/figure><\/div><div data-post-id=\"4139\" data-date=\"2025-01-01T11:39:56+03:00\" data-name=\"lotus-referanslar\"><figure class=\"post\"><a href=\"https:\/\/new-tech.com.tr\/wp-content\/uploads\/2025\/01\/lotus-referanslar.jpg\" class=\"rollover dt-pswp-item layzr-bg\" data-large_image_width=\"600\" data-large_image_height=\"400\" data-dt-img-description=\"\" title=\"lotus-references\"><img decoding=\"async\" class=\"preload-me owl-lazy-load aspect\" src=\"data:image\/svg+xml,%3Csvg%20xmlns%3D&#39;http%3A%2F%2Fwww.w3.org%2F2000%2Fsvg&#39;%20viewBox%3D&#39;0%200%20600%20400&#39;%2F%3E\" data-src=\"https:\/\/new-tech.com.tr\/wp-content\/uploads\/2025\/01\/lotus-referanslar.jpg\" data-srcset=\"https:\/\/new-tech.com.tr\/wp-content\/uploads\/2025\/01\/lotus-referanslar.jpg 600w\" loading=\"eager\" style=\"--ratio: 600 \/ 400\" sizes=\"(max-width: 600px) 100vw, 600px\" alt=\"\" width=\"600\" height=\"400\"  \/><span class=\"gallery-rollover\"><\/span><\/a><\/figure><\/div><div data-post-id=\"4138\" data-date=\"2025-01-01T11:39:56+03:00\" data-name=\"kig\u0306li-referanslar\"><figure class=\"post\"><a href=\"https:\/\/new-tech.com.tr\/wp-content\/uploads\/2025\/01\/kigli-referanslar.jpg\" class=\"rollover dt-pswp-item layzr-bg\" data-large_image_width=\"600\" data-large_image_height=\"400\" data-dt-img-description=\"\" title=\"cigli-references\"><img decoding=\"async\" class=\"preload-me owl-lazy-load aspect\" src=\"data:image\/svg+xml,%3Csvg%20xmlns%3D&#39;http%3A%2F%2Fwww.w3.org%2F2000%2Fsvg&#39;%20viewBox%3D&#39;0%200%20600%20400&#39;%2F%3E\" data-src=\"https:\/\/new-tech.com.tr\/wp-content\/uploads\/2025\/01\/kigli-referanslar.jpg\" data-srcset=\"https:\/\/new-tech.com.tr\/wp-content\/uploads\/2025\/01\/kigli-referanslar.jpg 600w\" loading=\"eager\" style=\"--ratio: 600 \/ 400\" sizes=\"(max-width: 600px) 100vw, 600px\" alt=\"\" width=\"600\" height=\"400\"  \/><span class=\"gallery-rollover\"><\/span><\/a><\/figure><\/div><div data-post-id=\"4135\" data-date=\"2025-01-01T11:39:54+03:00\" data-name=\"colins-referanslar\"><figure class=\"post\"><a href=\"https:\/\/new-tech.com.tr\/wp-content\/uploads\/2025\/01\/colins-referanslar.jpg\" class=\"rollover dt-pswp-item layzr-bg\" data-large_image_width=\"600\" data-large_image_height=\"400\" data-dt-img-description=\"\" title=\"colins-references\"><img decoding=\"async\" class=\"preload-me owl-lazy-load aspect\" src=\"data:image\/svg+xml,%3Csvg%20xmlns%3D&#39;http%3A%2F%2Fwww.w3.org%2F2000%2Fsvg&#39;%20viewBox%3D&#39;0%200%20600%20400&#39;%2F%3E\" data-src=\"https:\/\/new-tech.com.tr\/wp-content\/uploads\/2025\/01\/colins-referanslar.jpg\" data-srcset=\"https:\/\/new-tech.com.tr\/wp-content\/uploads\/2025\/01\/colins-referanslar.jpg 600w\" loading=\"eager\" style=\"--ratio: 600 \/ 400\" sizes=\"(max-width: 600px) 100vw, 600px\" alt=\"\" width=\"600\" height=\"400\"  \/><span class=\"gallery-rollover\"><\/span><\/a><\/figure><\/div><div data-post-id=\"4134\" data-date=\"2025-01-01T11:39:53+03:00\" data-name=\"alt\u0131ny\u0131ld\u0131z-referanslar\"><figure class=\"post\"><a href=\"https:\/\/new-tech.com.tr\/wp-content\/uploads\/2025\/01\/altinyildiz-referanslar.jpg\" class=\"rollover dt-pswp-item layzr-bg\" data-large_image_width=\"600\" data-large_image_height=\"400\" data-dt-img-description=\"\" title=\"Alt\u0131ny\u0131ld\u0131z-references\"><img decoding=\"async\" class=\"preload-me owl-lazy-load aspect\" src=\"data:image\/svg+xml,%3Csvg%20xmlns%3D&#39;http%3A%2F%2Fwww.w3.org%2F2000%2Fsvg&#39;%20viewBox%3D&#39;0%200%20600%20400&#39;%2F%3E\" data-src=\"https:\/\/new-tech.com.tr\/wp-content\/uploads\/2025\/01\/altinyildiz-referanslar.jpg\" data-srcset=\"https:\/\/new-tech.com.tr\/wp-content\/uploads\/2025\/01\/altinyildiz-referanslar.jpg 600w\" loading=\"eager\" style=\"--ratio: 600 \/ 400\" sizes=\"(max-width: 600px) 100vw, 600px\" alt=\"\" width=\"600\" height=\"400\"  \/><span class=\"gallery-rollover\"><\/span><\/a><\/figure><\/div><div data-post-id=\"4288\" data-date=\"2025-01-02T12:22:29+03:00\" data-name=\"zara-referanslar\"><figure class=\"post\"><a href=\"https:\/\/new-tech.com.tr\/wp-content\/uploads\/2025\/01\/zara-referanslar.jpg\" class=\"rollover dt-pswp-item layzr-bg\" data-large_image_width=\"600\" data-large_image_height=\"400\" data-dt-img-description=\"\" title=\"zara-references\"><img decoding=\"async\" class=\"preload-me owl-lazy-load aspect\" src=\"data:image\/svg+xml,%3Csvg%20xmlns%3D&#39;http%3A%2F%2Fwww.w3.org%2F2000%2Fsvg&#39;%20viewBox%3D&#39;0%200%20600%20400&#39;%2F%3E\" data-src=\"https:\/\/new-tech.com.tr\/wp-content\/uploads\/2025\/01\/zara-referanslar.jpg\" data-srcset=\"https:\/\/new-tech.com.tr\/wp-content\/uploads\/2025\/01\/zara-referanslar.jpg 600w\" loading=\"eager\" style=\"--ratio: 600 \/ 400\" sizes=\"(max-width: 600px) 100vw, 600px\" alt=\"\" width=\"600\" height=\"400\"  \/><span class=\"gallery-rollover\"><\/span><\/a><\/figure><\/div><div data-post-id=\"4286\" data-date=\"2025-01-02T12:22:27+03:00\" data-name=\"lufian-referanslar\"><figure class=\"post\"><a href=\"https:\/\/new-tech.com.tr\/wp-content\/uploads\/2025\/01\/lufian-referanslar.jpg\" class=\"rollover dt-pswp-item layzr-bg\" data-large_image_width=\"600\" data-large_image_height=\"400\" data-dt-img-description=\"\" title=\"lufian-references\"><img decoding=\"async\" class=\"preload-me owl-lazy-load aspect\" src=\"data:image\/svg+xml,%3Csvg%20xmlns%3D&#39;http%3A%2F%2Fwww.w3.org%2F2000%2Fsvg&#39;%20viewBox%3D&#39;0%200%20600%20400&#39;%2F%3E\" data-src=\"https:\/\/new-tech.com.tr\/wp-content\/uploads\/2025\/01\/lufian-referanslar.jpg\" data-srcset=\"https:\/\/new-tech.com.tr\/wp-content\/uploads\/2025\/01\/lufian-referanslar.jpg 600w\" loading=\"eager\" style=\"--ratio: 600 \/ 400\" sizes=\"(max-width: 600px) 100vw, 600px\" alt=\"\" width=\"600\" height=\"400\"  \/><span class=\"gallery-rollover\"><\/span><\/a><\/figure><\/div><div data-post-id=\"4285\" data-date=\"2025-01-02T12:22:26+03:00\" data-name=\"lc-waikiki-referanslar\"><figure class=\"post\"><a href=\"https:\/\/new-tech.com.tr\/wp-content\/uploads\/2025\/01\/lc-waikiki-referanslar.jpg\" class=\"rollover dt-pswp-item layzr-bg\" data-large_image_width=\"600\" data-large_image_height=\"400\" data-dt-img-description=\"\" title=\"lc-waikiki-references\"><img decoding=\"async\" class=\"preload-me owl-lazy-load aspect\" src=\"data:image\/svg+xml,%3Csvg%20xmlns%3D&#39;http%3A%2F%2Fwww.w3.org%2F2000%2Fsvg&#39;%20viewBox%3D&#39;0%200%20600%20400&#39;%2F%3E\" data-src=\"https:\/\/new-tech.com.tr\/wp-content\/uploads\/2025\/01\/lc-waikiki-referanslar.jpg\" data-srcset=\"https:\/\/new-tech.com.tr\/wp-content\/uploads\/2025\/01\/lc-waikiki-referanslar.jpg 600w\" loading=\"eager\" style=\"--ratio: 600 \/ 400\" sizes=\"(max-width: 600px) 100vw, 600px\" alt=\"\" width=\"600\" height=\"400\"  \/><span class=\"gallery-rollover\"><\/span><\/a><\/figure><\/div><div data-post-id=\"4284\" data-date=\"2025-01-02T12:22:25+03:00\" data-name=\"koton-referanslar\"><figure class=\"post\"><a href=\"https:\/\/new-tech.com.tr\/wp-content\/uploads\/2025\/01\/koton-referanslar.jpg\" class=\"rollover dt-pswp-item layzr-bg\" data-large_image_width=\"600\" data-large_image_height=\"400\" data-dt-img-description=\"\" title=\"coton-references\"><img decoding=\"async\" class=\"preload-me owl-lazy-load aspect\" src=\"data:image\/svg+xml,%3Csvg%20xmlns%3D&#39;http%3A%2F%2Fwww.w3.org%2F2000%2Fsvg&#39;%20viewBox%3D&#39;0%200%20600%20400&#39;%2F%3E\" data-src=\"https:\/\/new-tech.com.tr\/wp-content\/uploads\/2025\/01\/koton-referanslar.jpg\" data-srcset=\"https:\/\/new-tech.com.tr\/wp-content\/uploads\/2025\/01\/koton-referanslar.jpg 600w\" loading=\"eager\" style=\"--ratio: 600 \/ 400\" sizes=\"(max-width: 600px) 100vw, 600px\" alt=\"\" width=\"600\" height=\"400\"  \/><span class=\"gallery-rollover\"><\/span><\/a><\/figure><\/div><div data-post-id=\"4282\" data-date=\"2025-01-02T12:22:22+03:00\" data-name=\"hugo-boss-referanslar\"><figure class=\"post\"><a href=\"https:\/\/new-tech.com.tr\/wp-content\/uploads\/2025\/01\/hugo-boss-referanslar.jpg\" class=\"rollover dt-pswp-item layzr-bg\" data-large_image_width=\"600\" data-large_image_height=\"400\" data-dt-img-description=\"\" title=\"hugo-boss-references\"><img decoding=\"async\" class=\"preload-me owl-lazy-load aspect\" src=\"data:image\/svg+xml,%3Csvg%20xmlns%3D&#39;http%3A%2F%2Fwww.w3.org%2F2000%2Fsvg&#39;%20viewBox%3D&#39;0%200%20600%20400&#39;%2F%3E\" data-src=\"https:\/\/new-tech.com.tr\/wp-content\/uploads\/2025\/01\/hugo-boss-referanslar.jpg\" data-srcset=\"https:\/\/new-tech.com.tr\/wp-content\/uploads\/2025\/01\/hugo-boss-referanslar.jpg 600w\" loading=\"eager\" style=\"--ratio: 600 \/ 400\" sizes=\"(max-width: 600px) 100vw, 600px\" alt=\"\" width=\"600\" height=\"400\"  \/><span class=\"gallery-rollover\"><\/span><\/a><\/figure><\/div><div data-post-id=\"4281\" data-date=\"2025-01-02T12:22:21+03:00\" data-name=\"defacto-referanslar\"><figure class=\"post\"><a href=\"https:\/\/new-tech.com.tr\/wp-content\/uploads\/2025\/01\/defacto-referanslar.jpg\" class=\"rollover dt-pswp-item layzr-bg\" data-large_image_width=\"600\" data-large_image_height=\"400\" data-dt-img-description=\"\" title=\"defacto-references\"><img decoding=\"async\" class=\"preload-me owl-lazy-load aspect\" src=\"data:image\/svg+xml,%3Csvg%20xmlns%3D&#39;http%3A%2F%2Fwww.w3.org%2F2000%2Fsvg&#39;%20viewBox%3D&#39;0%200%20600%20400&#39;%2F%3E\" data-src=\"https:\/\/new-tech.com.tr\/wp-content\/uploads\/2025\/01\/defacto-referanslar.jpg\" data-srcset=\"https:\/\/new-tech.com.tr\/wp-content\/uploads\/2025\/01\/defacto-referanslar.jpg 600w\" loading=\"eager\" style=\"--ratio: 600 \/ 400\" sizes=\"(max-width: 600px) 100vw, 600px\" alt=\"\" width=\"600\" height=\"400\"  \/><span class=\"gallery-rollover\"><\/span><\/a><\/figure><\/div><\/div><\/div><\/div><\/div><\/div>\n<\/div>","protected":false},"excerpt":{"rendered":"<p>Jeans Vending Machines Jacket Vending Machines Trouser Vending Machines Knitwear Vending Machines Our ReferencesWe have many references that we have been working with for more than 30 years. We are proud to share some of them with you.<\/p>","protected":false},"author":1,"featured_media":0,"parent":0,"menu_order":25,"comment_status":"closed","ping_status":"closed","template":"","meta":{"footnotes":""},"class_list":["post-1487","page","type-page","status-publish","hentry","description-off"],"_links":{"self":[{"href":"https:\/\/new-tech.com.tr\/en\/wp-json\/wp\/v2\/pages\/1487","targetHints":{"allow":["GET"]}}],"collection":[{"href":"https:\/\/new-tech.com.tr\/en\/wp-json\/wp\/v2\/pages"}],"about":[{"href":"https:\/\/new-tech.com.tr\/en\/wp-json\/wp\/v2\/types\/page"}],"author":[{"embeddable":true,"href":"https:\/\/new-tech.com.tr\/en\/wp-json\/wp\/v2\/users\/1"}],"replies":[{"embeddable":true,"href":"https:\/\/new-tech.com.tr\/en\/wp-json\/wp\/v2\/comments?post=1487"}],"version-history":[{"count":0,"href":"https:\/\/new-tech.com.tr\/en\/wp-json\/wp\/v2\/pages\/1487\/revisions"}],"wp:attachment":[{"href":"https:\/\/new-tech.com.tr\/en\/wp-json\/wp\/v2\/media?parent=1487"}],"curies":[{"name":"wp","href":"https:\/\/api.w.org\/{rel}","templated":true}]}}